{"id":254,"date":"2024-09-27T21:40:46","date_gmt":"2024-09-27T19:40:46","guid":{"rendered":"https:\/\/www.pastoralcentre.pl\/?page_id=254"},"modified":"2024-10-16T20:38:22","modified_gmt":"2024-10-16T18:38:22","slug":"shrine-of-our-lady-of-grace-protectress-of-marriages-and-families","status":"publish","type":"page","link":"https:\/\/www.pastoralcentre.pl\/index.php\/shrine-of-our-lady-of-grace-protectress-of-marriages-and-families\/","title":{"rendered":"Shrine of Our Lady of Grace, Protectress of Marriages and Families"},"content":{"rendered":"\n<figure class=\"wp-block-image aligncenter size-full\"><img loading=\"lazy\" decoding=\"async\" width=\"246\" height=\"300\" src=\"https:\/\/www.pastoralcentre.pl\/wp-content\/uploads\/2024\/10\/Madonna-of-St-Francis-by-Corregio-246x300-1.jpg\" alt=\"\" class=\"wp-image-287\"\/><figcaption class=\"wp-element-caption\">The Madonna of St Francis, Correggio, 1514<\/figcaption><\/figure>\n\n\n\n<p>Saint Francis had a deep devotion to the Blessed Virgin Mary, and this devotion was passed on as a legacy from generation to generation of Franciscans. To this day, wherever they are, the spiritual sons of Saint Francis venerate the Mother of God, and usually in their friaries and churches, there are images and statues of the Blessed Virgin. Over the centuries, some of these places have become shrines, since the images have been recognized as miraculous and have therefore been crowned with papal crowns.<\/p>\n\n\n\n<p>Franciscans came to Silesia and Wroc\u0142aw several years after the death of their founding father, Saint Francis, and spread honor, love and devotion to the Mother of God. This beautiful practice was interrupted for a time by the Reformation and the dissolution of the religious orders. However, Franciscan veneration of the Blessed Virgin in Wroc\u0142aw would gain new life at the end of the Second World War, when the Conventual Franciscans returned to the city and chose for themselves a church slated for demolition: St. Charles Borromeo. This choice was consistent with the spirit of their father, Saint Francis, who was ordered by God to \u201cGo and rebuild my church, which you can see has fallen into ruin.\u201d<\/p>\n\n\n\n<figure class=\"wp-block-image aligncenter size-full\"><img loading=\"lazy\" decoding=\"async\" width=\"168\" height=\"264\" src=\"https:\/\/www.pastoralcentre.pl\/wp-content\/uploads\/2024\/10\/Our-Lady-of-Grace-image-small1.jpeg\" alt=\"\" class=\"wp-image-288\"\/><figcaption class=\"wp-element-caption\">The Image of Our Lady of Grace<\/figcaption><\/figure>\n\n\n\n<p>By 1950, the friars had restored and renovated a small chapel similar to the little church called the \u201cPortiuncula\u201d where Francis received the command to \u201cRebuild my Church\u201d. They decided to dedicate the chapel to the special honor of the Virgin Mary. To this end, and after much efforts, Father Karol Pa\u0142\u0119ga was able to bring an old and venerated image to Wroc\u0142aw. The image was first venerated in the former Polish territory in the east, before being moved to the Franciscan basilica in Krak\u00f3w. The image was known under various names: Our Lady of Joys, the Our Lady of Gentleness, and Our Lady of Grace. The image was installed in the chapel, which at that time was the center of liturgical life in the parish, while the rest of the church was being rebuilt. In 1964, the Auxiliary Bishop of Wroc\u0142aw, Pawe\u0142 Latusek, solemnly enthroned the image, which formally received the name \u201cOur Lady of Grace.\u201d<\/p>\n\n\n\n<figure class=\"wp-block-image aligncenter size-full\"><img loading=\"lazy\" decoding=\"async\" width=\"1024\" height=\"809\" src=\"https:\/\/www.pastoralcentre.pl\/wp-content\/uploads\/2024\/10\/Our-Lady-of-Grace-image-in-outside-tent-1024x809-1.jpg\" alt=\"\" class=\"wp-image-289\" srcset=\"https:\/\/www.pastoralcentre.pl\/wp-content\/uploads\/2024\/10\/Our-Lady-of-Grace-image-in-outside-tent-1024x809-1.jpg 1024w, https:\/\/www.pastoralcentre.pl\/wp-content\/uploads\/2024\/10\/Our-Lady-of-Grace-image-in-outside-tent-1024x809-1-300x237.jpg 300w, https:\/\/www.pastoralcentre.pl\/wp-content\/uploads\/2024\/10\/Our-Lady-of-Grace-image-in-outside-tent-1024x809-1-768x607.jpg 768w\" sizes=\"auto, (max-width: 1024px) 100vw, 1024px\" \/><figcaption class=\"wp-element-caption\">Image of Our Lady of Grace during the crowning ceremony<\/figcaption><\/figure>\n\n\n\n<p>Immediately, veneration of the image began to increase. Every day there was a Mass at which petitions of the faithful and their messages of thanksgiving for Mary\u2019s intercession were read out. On Saturdays, the Mass included a homily. (Now, this Mass is offered at noon, Mondays through Saturdays. Petitions and expressions of thanksgiving are left in a box behind the grille in the chapel, and are read out by the priest before Mass begins.) The faithful flocked to the image in increasing numbers, imploring for themselves and their families grace, healing, conversions and spiritual help.<\/p>\n\n\n\n<figure class=\"wp-block-image aligncenter size-full\"><img loading=\"lazy\" decoding=\"async\" width=\"300\" height=\"212\" src=\"https:\/\/www.pastoralcentre.pl\/wp-content\/uploads\/2024\/10\/Our-Lady-of-Grace-outdoor-pic-of-crowns-on-tray-300x212-1.jpg\" alt=\"\" class=\"wp-image-290\"\/><figcaption class=\"wp-element-caption\">Fr W\u0142odzimierz Pado with the Papal Crowns<\/figcaption><\/figure>\n\n\n\n<p>Between 1990\u20131992 the chapel was renovated and the image was completely restored. The history of the image was traced and miracles and graces received through the intercession of Our Lady of Grace were documented. On 3 May 1993, the Feast of Our Lady, Queen of Poland, by a decree of His Eminence, Henryk Cardinal Gulbinowiz, Archbishop of Wroc\u0142aw, the Shrine of Our Lady of Grace was established in the parish church of St. Charles Borromeo. This historic event contributed to an increase in veneration of the image and led the Franciscans and Cardinal Gulbinowicz to petition Rome for a coronation of the image with papal crowns.<\/p>\n\n\n\n<figure class=\"wp-block-image aligncenter size-full\"><img loading=\"lazy\" decoding=\"async\" width=\"197\" height=\"300\" src=\"https:\/\/www.pastoralcentre.pl\/wp-content\/uploads\/2024\/10\/Our-Lady-of-Grace-crowning-close-up2-197x300-1.jpg\" alt=\"\" class=\"wp-image-286\"\/><figcaption class=\"wp-element-caption\">The solemn coronation by His Eminence, Antonio M. Cardinal Javierre Ortas<\/figcaption><\/figure>\n\n\n\n<p>In an official letter (called a \u201cBreve\u201d) of May 14, 1994, Pope John Paul II authorized the coronation of the image, and the church was enlisted as a Marian shrine. After thorough pastoral, religious, spiritual and practical preparations, on 11 September 1994, a delegate of the Holy Father, His Eminence Antonio Mar\u00eda Cardinal Javierre Ortas, Prefect of the Congregation for Divine Worship and the Discipline of the Sacraments, in the presence of Cardinal Gulbinowicz, many bishops from the Polish Episcopate and several thousand of the faithful, crowned the image with papal crowns, confirming it as miraculous.<\/p>\n\n\n\n<p>This ceremony took place in the International Year of the Family, which is why the miraculous image of Our Lady was given an additional title: Protectress of Marriages and the Families.<\/p>\n\n\n\n<p>Since the coronation of the image, veneration of Our Lady of Grace continues to grow, as believers from Wroc\u0142aw and the surrounding region come to the shrine and pray for the intercession of Our Lady of Grace.<\/p>\n\n\n\n<figure class=\"wp-block-image aligncenter size-full\"><img loading=\"lazy\" decoding=\"async\" width=\"913\" height=\"535\" src=\"https:\/\/www.pastoralcentre.pl\/wp-content\/uploads\/2024\/09\/Our-Lady-of-Grace-sanctuary_interior.jpg\" alt=\"\" class=\"wp-image-255\" srcset=\"https:\/\/www.pastoralcentre.pl\/wp-content\/uploads\/2024\/09\/Our-Lady-of-Grace-sanctuary_interior.jpg 913w, https:\/\/www.pastoralcentre.pl\/wp-content\/uploads\/2024\/09\/Our-Lady-of-Grace-sanctuary_interior-300x176.jpg 300w, https:\/\/www.pastoralcentre.pl\/wp-content\/uploads\/2024\/09\/Our-Lady-of-Grace-sanctuary_interior-768x450.jpg 768w\" sizes=\"auto, (max-width: 913px) 100vw, 913px\" \/><figcaption class=\"wp-element-caption\">Interior of the Chapel of Our Lady of Grace<\/figcaption><\/figure>\n\n\n\n<p><em>Translation based on a text by Father Jerzy Watras OFM Conv.<\/em><\/p>\n","protected":false},"excerpt":{"rendered":"<p>Saint Francis had a deep devotion to the Blessed Virgin Mary, and this devotion was passed on as a legacy from generation to generation of Franciscans. To this day, wherever they are, the spiritual sons of Saint Francis venerate the Mother of God, and usually in their friaries and churches, there are images and statues [&hellip;]<\/p>\n","protected":false},"author":1,"featured_media":0,"parent":0,"menu_order":0,"comment_status":"closed","ping_status":"closed","template":"","meta":{"footnotes":""},"class_list":["post-254","page","type-page","status-publish","hentry"],"_links":{"self":[{"href":"https:\/\/www.pastoralcentre.pl\/index.php\/wp-json\/wp\/v2\/pages\/254","targetHints":{"allow":["GET"]}}],"collection":[{"href":"https:\/\/www.pastoralcentre.pl\/index.php\/wp-json\/wp\/v2\/pages"}],"about":[{"href":"https:\/\/www.pastoralcentre.pl\/index.php\/wp-json\/wp\/v2\/types\/page"}],"author":[{"embeddable":true,"href":"https:\/\/www.pastoralcentre.pl\/index.php\/wp-json\/wp\/v2\/users\/1"}],"replies":[{"embeddable":true,"href":"https:\/\/www.pastoralcentre.pl\/index.php\/wp-json\/wp\/v2\/comments?post=254"}],"version-history":[{"count":2,"href":"https:\/\/www.pastoralcentre.pl\/index.php\/wp-json\/wp\/v2\/pages\/254\/revisions"}],"predecessor-version":[{"id":292,"href":"https:\/\/www.pastoralcentre.pl\/index.php\/wp-json\/wp\/v2\/pages\/254\/revisions\/292"}],"wp:attachment":[{"href":"https:\/\/www.pastoralcentre.pl\/index.php\/wp-json\/wp\/v2\/media?parent=254"}],"curies":[{"name":"wp","href":"https:\/\/api.w.org\/{rel}","templated":true}]}}